{"id":2,"date":"2026-04-30T17:21:36","date_gmt":"2026-04-30T17:21:36","guid":{"rendered":"https:\/\/concurso.eduvaleavare.com.br\/?page_id=2"},"modified":"2026-04-30T21:19:57","modified_gmt":"2026-04-30T21:19:57","slug":"sample-page","status":"publish","type":"page","link":"https:\/\/concurso.eduvaleavare.com.br\/","title":{"rendered":"II Concurso Interno Simulado"},"content":{"rendered":"<div class=\"wp-block-image is-style-default\">\n<figure class=\"aligncenter size-large\"><img loading=\"lazy\" decoding=\"async\" width=\"1024\" height=\"576\" src=\"https:\/\/concurso.eduvaleavare.com.br\/wp-content\/uploads\/2026\/04\/Hot-site-Concurso-Simulado-UNEDUVALE-1024x576.jpg\" alt=\"\" class=\"wp-image-21\" srcset=\"https:\/\/concurso.eduvaleavare.com.br\/wp-content\/uploads\/2026\/04\/Hot-site-Concurso-Simulado-UNEDUVALE-1024x576.jpg 1024w, https:\/\/concurso.eduvaleavare.com.br\/wp-content\/uploads\/2026\/04\/Hot-site-Concurso-Simulado-UNEDUVALE-300x169.jpg 300w, https:\/\/concurso.eduvaleavare.com.br\/wp-content\/uploads\/2026\/04\/Hot-site-Concurso-Simulado-UNEDUVALE-768x432.jpg 768w, https:\/\/concurso.eduvaleavare.com.br\/wp-content\/uploads\/2026\/04\/Hot-site-Concurso-Simulado-UNEDUVALE-1536x864.jpg 1536w, https:\/\/concurso.eduvaleavare.com.br\/wp-content\/uploads\/2026\/04\/Hot-site-Concurso-Simulado-UNEDUVALE.jpg 1920w\" sizes=\"auto, (max-width: 1024px) 100vw, 1024px\" \/><\/figure>\n<\/div>\n\n\n<hr class=\"wp-block-separator has-alpha-channel-opacity\"\/>\n\n\n\n<p>A iniciativa visa estimular o estudo, a pr\u00e1tica e o dom\u00ednio de conte\u00fados espec\u00edficos para concursos, bem como o equil\u00edbrio emocional diante de situa\u00e7\u00f5es de press\u00e3o. Ela faz parte das a\u00e7\u00f5es acad\u00eamicas do DIREITO UNEDUVALE voltadas \u00e0 prepara\u00e7\u00e3o dos estudantes para o mercado de trabalho e para avalia\u00e7\u00f5es oficiais de extrema complexidade e concorr\u00eancia.<\/p>\n\n\n\n<p><strong>QUEM PODE PARTICIPAR<\/strong><\/p>\n\n\n\n<p>Alunos regularmente matriculados no curso de Direito do Centro Universit\u00e1rio Eduvale (UNEDUVALE).<\/p>\n\n\n\n<p><strong>INSCRI\u00c7\u00d5ES<\/strong><\/p>\n\n\n\n<p>Gratuitas e limitadas aos 80 primeiros participantes.<\/p>\n\n\n\n<p><strong>PROVAS E CONTE\u00daDOS REQUERIDOS<\/strong><\/p>\n\n\n\n<p>O concurso abranger\u00e1 conte\u00fados te\u00f3ricos e pr\u00e1ticos de Direito Constitucional, Penal, Civil, do Trabalho e Administrativo incluindo legisla\u00e7\u00f5es atualizadas e normas espec\u00edficas. Contar\u00e1 com provas objetiva, dissertativa, oral e avalia\u00e7\u00e3o de t\u00edtulos.<\/p>\n\n\n\n<p><strong>CALEND\u00c1RIO das provas<\/strong><\/p>\n\n\n\n<p>Prova preambular (objetiva): 06 de abril de 2026 \u00e0s 19h30<\/p>\n\n\n\n<p>Prova dissertativa: 27 de abril de 2026 \u00e0s 19h30<\/p>\n\n\n\n<p>Prova oral: 18 de maio de 2026 \u00e0s 19h30<\/p>\n\n\n\n<p><strong>PREMIA\u00c7\u00c3O<\/strong><\/p>\n\n\n\n<p>O melhor desempenho ser\u00e1 premiado com a isen\u00e7\u00e3o de rematr\u00edcula do semestre seguinte ou a \u00faltima mensalidade do semestre caso o vencedor esteja no 10\u00ba per\u00edodo.<\/p>\n\n\n\n<p><\/p>\n\n\n\n<div class=\"wp-block-buttons is-layout-flex wp-block-buttons-is-layout-flex\">\n<div class=\"wp-block-button is-style-fill\"><a class=\"wp-block-button__link has-white-color has-text-color has-background has-link-color wp-element-button\" href=\"https:\/\/docs.google.com\/document\/d\/1_8Vp6ljRvL9pYC21noyoFB0plVLeUSG9\/edit?usp=sharing&amp;ouid=116919713928528823751&amp;rtpof=true&amp;sd=true\" style=\"background-color:#94033a\">EDITAL<\/a><\/div>\n<\/div>\n\n\n\n<hr class=\"wp-block-separator has-alpha-channel-opacity\"\/>\n\n\n\n<div class=\"wp-block-buttons is-layout-flex wp-block-buttons-is-layout-flex\">\n<div class=\"wp-block-button is-style-outline is-style-outline--1\"><a class=\"wp-block-button__link has-white-color has-text-color has-background has-link-color wp-element-button\" style=\"background-color:#94033a\">Classifica\u00e7\u00e3o Prova Oral<\/a><\/div>\n<\/div>\n\n\n\n<p class=\"has-white-color has-text-color has-link-color wp-elements-c645e628e62f8fbab9d9726851472d16\"><\/p>\n\n\n\n<p><\/p>\n","protected":false},"excerpt":{"rendered":"<p>A iniciativa visa estimular o estudo, a pr\u00e1tica e o dom\u00ednio de conte\u00fados espec\u00edficos para concursos, bem como o equil\u00edbrio emocional diante de situa\u00e7\u00f5es de press\u00e3o. Ela faz parte das a\u00e7\u00f5es acad\u00eamicas do DIREITO UNEDUVALE voltadas \u00e0 prepara\u00e7\u00e3o dos estudantes para o mercado de trabalho e para avalia\u00e7\u00f5es oficiais de extrema complexidade e concorr\u00eancia. QUEM [&hellip;]<\/p>\n","protected":false},"author":1,"featured_media":0,"parent":0,"menu_order":0,"comment_status":"closed","ping_status":"open","template":"","meta":{"footnotes":""},"class_list":["post-2","page","type-page","status-publish","hentry"],"_links":{"self":[{"href":"https:\/\/concurso.eduvaleavare.com.br\/index.php\/wp-json\/wp\/v2\/pages\/2","targetHints":{"allow":["GET"]}}],"collection":[{"href":"https:\/\/concurso.eduvaleavare.com.br\/index.php\/wp-json\/wp\/v2\/pages"}],"about":[{"href":"https:\/\/concurso.eduvaleavare.com.br\/index.php\/wp-json\/wp\/v2\/types\/page"}],"author":[{"embeddable":true,"href":"https:\/\/concurso.eduvaleavare.com.br\/index.php\/wp-json\/wp\/v2\/users\/1"}],"replies":[{"embeddable":true,"href":"https:\/\/concurso.eduvaleavare.com.br\/index.php\/wp-json\/wp\/v2\/comments?post=2"}],"version-history":[{"count":16,"href":"https:\/\/concurso.eduvaleavare.com.br\/index.php\/wp-json\/wp\/v2\/pages\/2\/revisions"}],"predecessor-version":[{"id":48,"href":"https:\/\/concurso.eduvaleavare.com.br\/index.php\/wp-json\/wp\/v2\/pages\/2\/revisions\/48"}],"wp:attachment":[{"href":"https:\/\/concurso.eduvaleavare.com.br\/index.php\/wp-json\/wp\/v2\/media?parent=2"}],"curies":[{"name":"wp","href":"https:\/\/api.w.org\/{rel}","templated":true}]}}